{"id":5321,"date":"2024-03-31T15:01:53","date_gmt":"2024-03-31T20:01:53","guid":{"rendered":"https:\/\/asociaciondeescritoresdeohio.org\/donations\/"},"modified":"2026-01-05T20:21:27","modified_gmt":"2026-01-06T01:21:27","slug":"donations","status":"publish","type":"page","link":"https:\/\/asociaciondeescritoresdeohio.org\/en\/donations\/","title":{"rendered":"Donations"},"content":{"rendered":"\t\t<div data-elementor-type=\"wp-page\" data-elementor-id=\"5321\" class=\"elementor elementor-5321 elementor-2935\" data-elementor-post-type=\"page\">\n\t\t\t\t<div class=\"elementor-element elementor-element-e820bae e-flex e-con-boxed e-con e-parent\" data-id=\"e820bae\" data-element_type=\"container\" data-e-type=\"container\" data-settings=\"{&quot;aos_animation_name&quot;:&quot;none&quot;}\">\n\t\t\t\t\t<div class=\"e-con-inner\">\n\t\t\t\t<div class=\"elementor-element elementor-element-57045a3 elementor-widget elementor-widget-vlt-section-title\" data-id=\"57045a3\" data-element_type=\"widget\" data-e-type=\"widget\" data-settings=\"{&quot;aos_animation_name&quot;:&quot;none&quot;}\" data-widget_type=\"vlt-section-title.default\">\n\t\t\t\t<div class=\"elementor-widget-container\">\n\t\t\t\t\t\n\t\t<div class=\"vlt-section-title\">\n\n\t\t\t\t\t\t\t<span class=\"vlt-section-title__subtitle badge\">Toda contribuci\u00f3n econ\u00f3mica ser\u00e1 bien recibida, para gestionar nuestros proyectos institucionales<\/span>\n\t\t\t\n\t\t\t\n\t\t\t\t<h2 class=\"vlt-section-title__heading \">\n\n\t\t\t\t\t\n\t\t\t\t\tDonaciones para la asociaci\u00f3n\n\t\t\t\t\t\n\t\t\t\t<\/h2>\n\n\t\t\t\n\t\t\t\n\t\t<\/div>\n\n\t\t\t\t\t<\/div>\n\t\t\t\t<\/div>\n\t\t\t\t<div class=\"elementor-element elementor-element-e11fc69 elementor-widget elementor-widget-text-editor\" data-id=\"e11fc69\" data-element_type=\"widget\" data-e-type=\"widget\" data-settings=\"{&quot;aos_animation_name&quot;:&quot;none&quot;}\" data-widget_type=\"text-editor.default\">\n\t\t\t\t<div class=\"elementor-widget-container\">\n\t\t\t\t\t\t\t\t\t<p style=\"text-align: center;\">Funding is important to the <strong>Asociaci\u00f3n de Escritores de Ohio<\/strong> because it allows us to promote and advance programs and resources that support<strong> Ohio writers <\/strong>at all stages of their careers, facilitating connections, literary promotion and growth within a vibrant community. <\/p>\t\t\t\t\t\t\t\t<\/div>\n\t\t\t\t<\/div>\n\t\t\t\t<div class=\"elementor-element elementor-element-603d987 elementor-widget elementor-widget-heading\" data-id=\"603d987\" data-element_type=\"widget\" data-e-type=\"widget\" data-settings=\"{&quot;aos_animation_name&quot;:&quot;none&quot;}\" data-widget_type=\"heading.default\">\n\t\t\t\t<div class=\"elementor-widget-container\">\n\t\t\t\t\t<h4 class=\"elementor-heading-title elementor-size-default\">How can I contribute?<\/h4>\t\t\t\t<\/div>\n\t\t\t\t<\/div>\n\t\t\t\t\t<\/div>\n\t\t\t\t<\/div>\n\t\t<div class=\"elementor-element elementor-element-06e2fe6 e-flex e-con-boxed e-con e-parent\" data-id=\"06e2fe6\" data-element_type=\"container\" data-e-type=\"container\" data-settings=\"{&quot;aos_animation_name&quot;:&quot;none&quot;}\">\n\t\t\t\t\t<div class=\"e-con-inner\">\n\t\t<div class=\"elementor-element elementor-element-49e304e e-con-full e-flex e-con e-child\" data-id=\"49e304e\" data-element_type=\"container\" data-e-type=\"container\" data-settings=\"{&quot;background_background&quot;:&quot;classic&quot;,&quot;aos_animation_name&quot;:&quot;none&quot;}\">\n\t\t<div class=\"elementor-element elementor-element-6158548 e-flex e-con-boxed e-con e-child\" data-id=\"6158548\" data-element_type=\"container\" data-e-type=\"container\" data-settings=\"{&quot;aos_animation_name&quot;:&quot;none&quot;}\">\n\t\t\t\t\t<div class=\"e-con-inner\">\n\t\t\t\t<div class=\"elementor-element elementor-element-78322d9 elementor-widget elementor-widget-image\" data-id=\"78322d9\" data-element_type=\"widget\" data-e-type=\"widget\" data-settings=\"{&quot;aos_animation_name&quot;:&quot;none&quot;}\" data-widget_type=\"image.default\">\n\t\t\t\t<div class=\"elementor-widget-container\">\n\t\t\t\t\t\t\t\t\t\t\t\t\t\t\t<img decoding=\"async\" width=\"300\" height=\"158\" src=\"https:\/\/asociaciondeescritoresdeohio.org\/wp-content\/uploads\/2024\/04\/01.png\" class=\"attachment-large size-large wp-image-5192\" alt=\"\" \/>\t\t\t\t\t\t\t\t\t\t\t\t\t\t\t<\/div>\n\t\t\t\t<\/div>\n\t\t\t\t<div class=\"elementor-element elementor-element-4bd531e elementor-widget elementor-widget-text-editor\" data-id=\"4bd531e\" data-element_type=\"widget\" data-e-type=\"widget\" data-settings=\"{&quot;aos_animation_name&quot;:&quot;none&quot;}\" data-widget_type=\"text-editor.default\">\n\t\t\t\t<div class=\"elementor-widget-container\">\n\t\t\t\t\t\t\t\t\t<p>Send a bank check payable to the Ohio Writers Association.<\/p>\t\t\t\t\t\t\t\t<\/div>\n\t\t\t\t<\/div>\n\t\t\t\t\t<\/div>\n\t\t\t\t<\/div>\n\t\t\t\t<\/div>\n\t\t<div class=\"elementor-element elementor-element-ee96bb3 e-con-full elementor-hidden-tablet elementor-hidden-mobile e-flex e-con e-child\" data-id=\"ee96bb3\" data-element_type=\"container\" data-e-type=\"container\" data-settings=\"{&quot;aos_animation_name&quot;:&quot;none&quot;}\">\n\t\t\t\t<\/div>\n\t\t<div class=\"elementor-element elementor-element-08b22b8 e-con-full e-flex e-con e-child\" data-id=\"08b22b8\" data-element_type=\"container\" data-e-type=\"container\" data-settings=\"{&quot;background_background&quot;:&quot;classic&quot;,&quot;aos_animation_name&quot;:&quot;none&quot;}\">\n\t\t<div class=\"elementor-element elementor-element-0b180dc e-flex e-con-boxed e-con e-child\" data-id=\"0b180dc\" data-element_type=\"container\" data-e-type=\"container\" data-settings=\"{&quot;aos_animation_name&quot;:&quot;none&quot;}\">\n\t\t\t\t\t<div class=\"e-con-inner\">\n\t\t\t\t<div class=\"elementor-element elementor-element-018fb07 elementor-widget elementor-widget-image\" data-id=\"018fb07\" data-element_type=\"widget\" data-e-type=\"widget\" data-settings=\"{&quot;aos_animation_name&quot;:&quot;none&quot;}\" data-widget_type=\"image.default\">\n\t\t\t\t<div class=\"elementor-widget-container\">\n\t\t\t\t\t\t\t\t\t\t\t\t\t\t\t<img decoding=\"async\" width=\"300\" height=\"158\" src=\"https:\/\/asociaciondeescritoresdeohio.org\/wp-content\/uploads\/2024\/04\/02.png\" class=\"attachment-large size-large wp-image-5193\" alt=\"\" \/>\t\t\t\t\t\t\t\t\t\t\t\t\t\t\t<\/div>\n\t\t\t\t<\/div>\n\t\t\t\t<div class=\"elementor-element elementor-element-0ba06c8 elementor-widget elementor-widget-text-editor\" data-id=\"0ba06c8\" data-element_type=\"widget\" data-e-type=\"widget\" data-settings=\"{&quot;aos_animation_name&quot;:&quot;none&quot;}\" data-widget_type=\"text-editor.default\">\n\t\t\t\t<div class=\"elementor-widget-container\">\n\t\t\t\t\t\t\t\t\t<p style=\"color: #3b3b3b; text-align: center;\">Mail to 7231 Colonial Affair Dr. New Albany OH 43054<\/p>\t\t\t\t\t\t\t\t<\/div>\n\t\t\t\t<\/div>\n\t\t\t\t\t<\/div>\n\t\t\t\t<\/div>\n\t\t\t\t<\/div>\n\t\t\t\t\t<\/div>\n\t\t\t\t<\/div>\n\t\t<div class=\"elementor-element elementor-element-2c92d49 e-flex e-con-boxed e-con e-parent\" data-id=\"2c92d49\" data-element_type=\"container\" data-e-type=\"container\" data-settings=\"{&quot;background_background&quot;:&quot;classic&quot;,&quot;aos_animation_name&quot;:&quot;none&quot;}\">\n\t\t\t\t\t<div class=\"e-con-inner\">\n\t\t\t\t<div data-aos=\"custom\" data-aos-once=\"true\" class=\"elementor-element elementor-element-0771cf6 elementor-widget__width-initial elementor-widget elementor-widget-vlt-heading\" data-id=\"0771cf6\" data-element_type=\"widget\" data-e-type=\"widget\" data-settings=\"{&quot;aos_animation_name&quot;:&quot;custom&quot;}\" data-widget_type=\"vlt-heading.default\">\n\t\t\t\t<div class=\"elementor-widget-container\">\n\t\t\t\t\t\n\t\t<h4 class=\"vlt-heading vlt-heading--center vlt-display-2 vlt-heading--lined\">\n\n\t\t\t\n\t\t\t\t\t\t\t<span>\n\t\t\t\n\t\t\t\t\t\t\t<svg aria-hidden=\"true\" class=\"e-font-icon-svg e-fas-hands-helping\" viewBox=\"0 0 640 512\" xmlns=\"http:\/\/www.w3.org\/2000\/svg\"><path d=\"M488 192H336v56c0 39.7-32.3 72-72 72s-72-32.3-72-72V126.4l-64.9 39C107.8 176.9 96 197.8 96 220.2v47.3l-80 46.2C.7 322.5-4.6 342.1 4.3 357.4l80 138.6c8.8 15.3 28.4 20.5 43.7 11.7L231.4 448H368c35.3 0 64-28.7 64-64h16c17.7 0 32-14.3 32-32v-64h8c13.3 0 24-10.7 24-24v-48c0-13.3-10.7-24-24-24zm147.7-37.4L555.7 16C546.9.7 527.3-4.5 512 4.3L408.6 64H306.4c-12 0-23.7 3.4-33.9 9.7L239 94.6c-9.4 5.8-15 16.1-15 27.1V248c0 22.1 17.9 40 40 40s40-17.9 40-40v-88h184c30.9 0 56 25.1 56 56v28.5l80-46.2c15.3-8.9 20.5-28.4 11.7-43.7z\"><\/path><\/svg>\t\t\t\n\t\t\t\t\t\t\tPatrocinadores\t\t\t\n\t\t\t\t\t\t\t<\/span>\n\t\t\t\n\t\t\t\n\t\t<\/h4>\n\n\t\t\t\t\t<\/div>\n\t\t\t\t<\/div>\n\t\t\t\t<div class=\"elementor-element elementor-element-4078132 elementor-widget elementor-widget-image-carousel\" data-id=\"4078132\" data-element_type=\"widget\" data-e-type=\"widget\" data-settings=\"{&quot;slides_to_show&quot;:&quot;4&quot;,&quot;navigation&quot;:&quot;none&quot;,&quot;image_spacing_custom&quot;:{&quot;unit&quot;:&quot;px&quot;,&quot;size&quot;:100,&quot;sizes&quot;:[]},&quot;autoplay_speed&quot;:3000,&quot;speed&quot;:750,&quot;autoplay&quot;:&quot;yes&quot;,&quot;pause_on_hover&quot;:&quot;yes&quot;,&quot;pause_on_interaction&quot;:&quot;yes&quot;,&quot;infinite&quot;:&quot;yes&quot;,&quot;image_spacing_custom_tablet&quot;:{&quot;unit&quot;:&quot;px&quot;,&quot;size&quot;:&quot;&quot;,&quot;sizes&quot;:[]},&quot;image_spacing_custom_mobile&quot;:{&quot;unit&quot;:&quot;px&quot;,&quot;size&quot;:&quot;&quot;,&quot;sizes&quot;:[]},&quot;aos_animation_name&quot;:&quot;none&quot;}\" data-widget_type=\"image-carousel.default\">\n\t\t\t\t<div class=\"elementor-widget-container\">\n\t\t\t\t\t\t\t<div class=\"elementor-image-carousel-wrapper swiper\" role=\"region\" aria-roledescription=\"carousel\" aria-label=\"Carrusel de im\u00e1genes\" dir=\"rtl\">\n\t\t\t<div class=\"elementor-image-carousel swiper-wrapper\" aria-live=\"off\">\n\t\t\t\t\t\t\t\t<div class=\"swiper-slide\" role=\"group\" aria-roledescription=\"slide\" aria-label=\"1 of 3\"><figure class=\"swiper-slide-inner\"><img decoding=\"async\" class=\"swiper-slide-image\" src=\"https:\/\/asociaciondeescritoresdeohio.org\/wp-content\/uploads\/2024\/04\/02.webp\" alt=\"The Ohio State University\" \/><\/figure><\/div><div class=\"swiper-slide\" role=\"group\" aria-roledescription=\"slide\" aria-label=\"2 of 3\"><figure class=\"swiper-slide-inner\"><img decoding=\"async\" class=\"swiper-slide-image\" src=\"https:\/\/asociaciondeescritoresdeohio.org\/wp-content\/uploads\/2024\/04\/03.webp\" alt=\"ANLE\" \/><\/figure><\/div><div class=\"swiper-slide\" role=\"group\" aria-roledescription=\"slide\" aria-label=\"3 of 3\"><figure class=\"swiper-slide-inner\"><img decoding=\"async\" class=\"swiper-slide-image\" src=\"https:\/\/asociaciondeescritoresdeohio.org\/wp-content\/uploads\/2024\/04\/04.webp\" alt=\"Columbus Metropolitan Library\" \/><\/figure><\/div>\t\t\t<\/div>\n\t\t\t\t\t\t\t\n\t\t\t\t\t\t\t\t\t<\/div>\n\t\t\t\t\t\t<\/div>\n\t\t\t\t<\/div>\n\t\t\t\t<div class=\"elementor-element elementor-element-5a9c259 elementor-widget elementor-widget-text-editor\" data-id=\"5a9c259\" data-element_type=\"widget\" data-e-type=\"widget\" data-settings=\"{&quot;aos_animation_name&quot;:&quot;none&quot;}\" data-widget_type=\"text-editor.default\">\n\t\t\t\t<div class=\"elementor-widget-container\">\n\t\t\t\t\t\t\t\t\t<p>They are our <strong>sponsors<\/strong> and thanks to their sponsorship we are able to grow each day and create the future we seek for Ohio&#8217;s writing community. <\/p>\t\t\t\t\t\t\t\t<\/div>\n\t\t\t\t<\/div>\n\t\t\t\t\t<\/div>\n\t\t\t\t<\/div>\n\t\t\t\t<\/div>\n\t\t","protected":false},"excerpt":{"rendered":"<p>Toda contribuci\u00f3n econ\u00f3mica ser\u00e1 bien recibida, para gestionar nuestros proyectos institucionales Donaciones para la asociaci\u00f3n Funding is important to the Asociaci\u00f3n de Escritores de Ohio because it allows us to promote and advance programs and resources that support Ohio writers at all stages of their careers, facilitating connections, literary promotion and growth within a vibrant [&hellip;]<\/p>\n","protected":false},"author":1,"featured_media":0,"parent":0,"menu_order":0,"comment_status":"closed","ping_status":"closed","template":"","meta":{"_acf_changed":false,"nf_dc_page":"","_vp_format_video_url":"","_vp_image_focal_point":[],"footnotes":""},"coauthors":[53],"class_list":["post-5321","page","type-page","status-publish","hentry"],"acf":[],"yoast_head":"<!-- This site is optimized with the Yoast SEO plugin v27.4 - https:\/\/yoast.com\/product\/yoast-seo-wordpress\/ -->\n<title>Donations - The Ohio Writers Association% The Ohio Writers Association The Ohio Writers Association%.<\/title>\n<meta name=\"description\" content=\"All monetary donations are important because they help us manage, promote, and support programs and resources for writers in Ohio.\" \/>\n<meta name=\"robots\" content=\"index, follow, max-snippet:-1, max-image-preview:large, max-video-preview:-1\" \/>\n<link rel=\"canonical\" href=\"https:\/\/asociaciondeescritoresdeohio.org\/en\/donations\/\" \/>\n<meta property=\"og:locale\" content=\"en_US\" \/>\n<meta property=\"og:type\" content=\"article\" \/>\n<meta property=\"og:title\" content=\"Donations\" \/>\n<meta property=\"og:description\" content=\"They help us empower writers from Ohio.\" \/>\n<meta property=\"og:url\" content=\"https:\/\/asociaciondeescritoresdeohio.org\/en\/donations\/\" \/>\n<meta property=\"og:site_name\" content=\"The Ohio Writers Association\" \/>\n<meta property=\"article:publisher\" content=\"https:\/\/www.facebook.com\/asociaciondeescritoresdeohio\/\" \/>\n<meta property=\"article:modified_time\" content=\"2026-01-06T01:21:27+00:00\" \/>\n<meta property=\"og:image\" content=\"https:\/\/asociaciondeescritoresdeohio.org\/wp-content\/uploads\/2024\/04\/img_aeo_og_01.jpg\" \/>\n\t<meta property=\"og:image:width\" content=\"1200\" \/>\n\t<meta property=\"og:image:height\" content=\"628\" \/>\n\t<meta property=\"og:image:type\" content=\"image\/jpeg\" \/>\n<meta name=\"twitter:card\" content=\"summary_large_image\" \/>\n<meta name=\"twitter:title\" content=\"Donations\" \/>\n<meta name=\"twitter:description\" content=\"They help us empower writers from Ohio.\" \/>\n<meta name=\"twitter:image\" content=\"https:\/\/asociaciondeescritoresdeohio.org\/wp-content\/uploads\/2024\/04\/img_aeo_og_01.jpg\" \/>\n<meta name=\"twitter:site\" content=\"@aeo_org\" \/>\n<meta name=\"twitter:label1\" content=\"Est. reading time\" \/>\n\t<meta name=\"twitter:data1\" content=\"4 minutes\" \/>\n\t<meta name=\"twitter:label2\" content=\"Written by\" \/>\n\t<meta name=\"twitter:data2\" content=\"ONG AEO\" \/>\n<script type=\"application\/ld+json\" class=\"yoast-schema-graph\">{\"@context\":\"https:\\\/\\\/schema.org\",\"@graph\":[{\"@type\":\"WebPage\",\"@id\":\"https:\\\/\\\/asociaciondeescritoresdeohio.org\\\/en\\\/donations\\\/\",\"url\":\"https:\\\/\\\/asociaciondeescritoresdeohio.org\\\/en\\\/donations\\\/\",\"name\":\"Donations - The Ohio Writers Association% The Ohio Writers Association The Ohio Writers Association%.\",\"isPartOf\":{\"@id\":\"https:\\\/\\\/asociaciondeescritoresdeohio.org\\\/en\\\/#website\"},\"primaryImageOfPage\":{\"@id\":\"https:\\\/\\\/asociaciondeescritoresdeohio.org\\\/en\\\/donations\\\/#primaryimage\"},\"image\":{\"@id\":\"https:\\\/\\\/asociaciondeescritoresdeohio.org\\\/en\\\/donations\\\/#primaryimage\"},\"thumbnailUrl\":\"https:\\\/\\\/asociaciondeescritoresdeohio.org\\\/wp-content\\\/uploads\\\/2024\\\/04\\\/01.png\",\"datePublished\":\"2024-03-31T20:01:53+00:00\",\"dateModified\":\"2026-01-06T01:21:27+00:00\",\"description\":\"All monetary donations are important because they help us manage, promote, and support programs and resources for writers in Ohio.\",\"breadcrumb\":{\"@id\":\"https:\\\/\\\/asociaciondeescritoresdeohio.org\\\/en\\\/donations\\\/#breadcrumb\"},\"inLanguage\":\"en-US\",\"potentialAction\":[{\"@type\":\"ReadAction\",\"target\":[\"https:\\\/\\\/asociaciondeescritoresdeohio.org\\\/en\\\/donations\\\/\"]}]},{\"@type\":\"ImageObject\",\"inLanguage\":\"en-US\",\"@id\":\"https:\\\/\\\/asociaciondeescritoresdeohio.org\\\/en\\\/donations\\\/#primaryimage\",\"url\":\"https:\\\/\\\/asociaciondeescritoresdeohio.org\\\/wp-content\\\/uploads\\\/2024\\\/04\\\/01.png\",\"contentUrl\":\"https:\\\/\\\/asociaciondeescritoresdeohio.org\\\/wp-content\\\/uploads\\\/2024\\\/04\\\/01.png\"},{\"@type\":\"BreadcrumbList\",\"@id\":\"https:\\\/\\\/asociaciondeescritoresdeohio.org\\\/en\\\/donations\\\/#breadcrumb\",\"itemListElement\":[{\"@type\":\"ListItem\",\"position\":1,\"name\":\"Home\",\"item\":\"https:\\\/\\\/asociaciondeescritoresdeohio.org\\\/en\\\/home-2\\\/?lang=en\"},{\"@type\":\"ListItem\",\"position\":2,\"name\":\"Donations\"}]},{\"@type\":\"WebSite\",\"@id\":\"https:\\\/\\\/asociaciondeescritoresdeohio.org\\\/en\\\/#website\",\"url\":\"https:\\\/\\\/asociaciondeescritoresdeohio.org\\\/en\\\/\",\"name\":\"Asociaci\u00f3n de Escritores de Ohio\",\"description\":\"Promoting the love for reading.\",\"publisher\":{\"@id\":\"https:\\\/\\\/asociaciondeescritoresdeohio.org\\\/en\\\/#organization\"},\"potentialAction\":[{\"@type\":\"SearchAction\",\"target\":{\"@type\":\"EntryPoint\",\"urlTemplate\":\"https:\\\/\\\/asociaciondeescritoresdeohio.org\\\/en\\\/?s={search_term_string}\"},\"query-input\":{\"@type\":\"PropertyValueSpecification\",\"valueRequired\":true,\"valueName\":\"search_term_string\"}}],\"inLanguage\":\"en-US\"},{\"@type\":\"Organization\",\"@id\":\"https:\\\/\\\/asociaciondeescritoresdeohio.org\\\/en\\\/#organization\",\"name\":\"La Asociaci\u00f3n de Escritores de Ohio\",\"url\":\"https:\\\/\\\/asociaciondeescritoresdeohio.org\\\/en\\\/\",\"logo\":{\"@type\":\"ImageObject\",\"inLanguage\":\"en-US\",\"@id\":\"https:\\\/\\\/asociaciondeescritoresdeohio.org\\\/en\\\/#\\\/schema\\\/logo\\\/image\\\/\",\"url\":\"https:\\\/\\\/asociaciondeescritoresdeohio.org\\\/wp-content\\\/uploads\\\/2024\\\/04\\\/logo_vertical.png\",\"contentUrl\":\"https:\\\/\\\/asociaciondeescritoresdeohio.org\\\/wp-content\\\/uploads\\\/2024\\\/04\\\/logo_vertical.png\",\"width\":652,\"height\":622,\"caption\":\"La Asociaci\u00f3n de Escritores de Ohio\"},\"image\":{\"@id\":\"https:\\\/\\\/asociaciondeescritoresdeohio.org\\\/en\\\/#\\\/schema\\\/logo\\\/image\\\/\"},\"sameAs\":[\"https:\\\/\\\/www.facebook.com\\\/asociaciondeescritoresdeohio\\\/\",\"https:\\\/\\\/x.com\\\/aeo_org\",\"https:\\\/\\\/www.instagram.com\\\/asociaciondeescritoresdeohio\\\/\",\"https:\\\/\\\/www.linkedin.com\\\/company\\\/asociaciondeescritoresdeohio\",\"https:\\\/\\\/www.youtube.com\\\/channel\\\/UCvzsytr3roCZytpexfr3N-g\"]}]}<\/script>\n<!-- \/ Yoast SEO plugin. -->","yoast_head_json":{"title":"Donations - The Ohio Writers Association% The Ohio Writers Association The Ohio Writers Association%.","description":"All monetary donations are important because they help us manage, promote, and support programs and resources for writers in Ohio.","robots":{"index":"index","follow":"follow","max-snippet":"max-snippet:-1","max-image-preview":"max-image-preview:large","max-video-preview":"max-video-preview:-1"},"canonical":"https:\/\/asociaciondeescritoresdeohio.org\/en\/donations\/","og_locale":"en_US","og_type":"article","og_title":"Donations","og_description":"They help us empower writers from Ohio.","og_url":"https:\/\/asociaciondeescritoresdeohio.org\/en\/donations\/","og_site_name":"The Ohio Writers Association","article_publisher":"https:\/\/www.facebook.com\/asociaciondeescritoresdeohio\/","article_modified_time":"2026-01-06T01:21:27+00:00","og_image":[{"width":1200,"height":628,"url":"https:\/\/asociaciondeescritoresdeohio.org\/wp-content\/uploads\/2024\/04\/img_aeo_og_01.jpg","type":"image\/jpeg"}],"twitter_card":"summary_large_image","twitter_title":"Donations","twitter_description":"They help us empower writers from Ohio.","twitter_image":"https:\/\/asociaciondeescritoresdeohio.org\/wp-content\/uploads\/2024\/04\/img_aeo_og_01.jpg","twitter_site":"@aeo_org","twitter_misc":{"Est. reading time":"4 minutes","Written by":"ONG AEO"},"schema":{"@context":"https:\/\/schema.org","@graph":[{"@type":"WebPage","@id":"https:\/\/asociaciondeescritoresdeohio.org\/en\/donations\/","url":"https:\/\/asociaciondeescritoresdeohio.org\/en\/donations\/","name":"Donations - The Ohio Writers Association% The Ohio Writers Association The Ohio Writers Association%.","isPartOf":{"@id":"https:\/\/asociaciondeescritoresdeohio.org\/en\/#website"},"primaryImageOfPage":{"@id":"https:\/\/asociaciondeescritoresdeohio.org\/en\/donations\/#primaryimage"},"image":{"@id":"https:\/\/asociaciondeescritoresdeohio.org\/en\/donations\/#primaryimage"},"thumbnailUrl":"https:\/\/asociaciondeescritoresdeohio.org\/wp-content\/uploads\/2024\/04\/01.png","datePublished":"2024-03-31T20:01:53+00:00","dateModified":"2026-01-06T01:21:27+00:00","description":"All monetary donations are important because they help us manage, promote, and support programs and resources for writers in Ohio.","breadcrumb":{"@id":"https:\/\/asociaciondeescritoresdeohio.org\/en\/donations\/#breadcrumb"},"inLanguage":"en-US","potentialAction":[{"@type":"ReadAction","target":["https:\/\/asociaciondeescritoresdeohio.org\/en\/donations\/"]}]},{"@type":"ImageObject","inLanguage":"en-US","@id":"https:\/\/asociaciondeescritoresdeohio.org\/en\/donations\/#primaryimage","url":"https:\/\/asociaciondeescritoresdeohio.org\/wp-content\/uploads\/2024\/04\/01.png","contentUrl":"https:\/\/asociaciondeescritoresdeohio.org\/wp-content\/uploads\/2024\/04\/01.png"},{"@type":"BreadcrumbList","@id":"https:\/\/asociaciondeescritoresdeohio.org\/en\/donations\/#breadcrumb","itemListElement":[{"@type":"ListItem","position":1,"name":"Home","item":"https:\/\/asociaciondeescritoresdeohio.org\/en\/home-2\/?lang=en"},{"@type":"ListItem","position":2,"name":"Donations"}]},{"@type":"WebSite","@id":"https:\/\/asociaciondeescritoresdeohio.org\/en\/#website","url":"https:\/\/asociaciondeescritoresdeohio.org\/en\/","name":"Asociaci\u00f3n de Escritores de Ohio","description":"Promoting the love for reading.","publisher":{"@id":"https:\/\/asociaciondeescritoresdeohio.org\/en\/#organization"},"potentialAction":[{"@type":"SearchAction","target":{"@type":"EntryPoint","urlTemplate":"https:\/\/asociaciondeescritoresdeohio.org\/en\/?s={search_term_string}"},"query-input":{"@type":"PropertyValueSpecification","valueRequired":true,"valueName":"search_term_string"}}],"inLanguage":"en-US"},{"@type":"Organization","@id":"https:\/\/asociaciondeescritoresdeohio.org\/en\/#organization","name":"La Asociaci\u00f3n de Escritores de Ohio","url":"https:\/\/asociaciondeescritoresdeohio.org\/en\/","logo":{"@type":"ImageObject","inLanguage":"en-US","@id":"https:\/\/asociaciondeescritoresdeohio.org\/en\/#\/schema\/logo\/image\/","url":"https:\/\/asociaciondeescritoresdeohio.org\/wp-content\/uploads\/2024\/04\/logo_vertical.png","contentUrl":"https:\/\/asociaciondeescritoresdeohio.org\/wp-content\/uploads\/2024\/04\/logo_vertical.png","width":652,"height":622,"caption":"La Asociaci\u00f3n de Escritores de Ohio"},"image":{"@id":"https:\/\/asociaciondeescritoresdeohio.org\/en\/#\/schema\/logo\/image\/"},"sameAs":["https:\/\/www.facebook.com\/asociaciondeescritoresdeohio\/","https:\/\/x.com\/aeo_org","https:\/\/www.instagram.com\/asociaciondeescritoresdeohio\/","https:\/\/www.linkedin.com\/company\/asociaciondeescritoresdeohio","https:\/\/www.youtube.com\/channel\/UCvzsytr3roCZytpexfr3N-g"]}]}},"_links":{"self":[{"href":"https:\/\/asociaciondeescritoresdeohio.org\/en\/wp-json\/wp\/v2\/pages\/5321","targetHints":{"allow":["GET"]}}],"collection":[{"href":"https:\/\/asociaciondeescritoresdeohio.org\/en\/wp-json\/wp\/v2\/pages"}],"about":[{"href":"https:\/\/asociaciondeescritoresdeohio.org\/en\/wp-json\/wp\/v2\/types\/page"}],"author":[{"embeddable":true,"href":"https:\/\/asociaciondeescritoresdeohio.org\/en\/wp-json\/wp\/v2\/users\/1"}],"replies":[{"embeddable":true,"href":"https:\/\/asociaciondeescritoresdeohio.org\/en\/wp-json\/wp\/v2\/comments?post=5321"}],"version-history":[{"count":5,"href":"https:\/\/asociaciondeescritoresdeohio.org\/en\/wp-json\/wp\/v2\/pages\/5321\/revisions"}],"predecessor-version":[{"id":12312,"href":"https:\/\/asociaciondeescritoresdeohio.org\/en\/wp-json\/wp\/v2\/pages\/5321\/revisions\/12312"}],"wp:attachment":[{"href":"https:\/\/asociaciondeescritoresdeohio.org\/en\/wp-json\/wp\/v2\/media?parent=5321"}],"wp:term":[{"taxonomy":"author","embeddable":true,"href":"https:\/\/asociaciondeescritoresdeohio.org\/en\/wp-json\/wp\/v2\/coauthors?post=5321"}],"curies":[{"name":"wp","href":"https:\/\/api.w.org\/{rel}","templated":true}]}}