{"id":5448,"date":"2023-11-10T13:18:00","date_gmt":"2023-11-10T18:18:00","guid":{"rendered":"https:\/\/asociaciondeescritoresdeohio.org\/subscribe\/"},"modified":"2024-04-15T18:01:33","modified_gmt":"2024-04-15T23:01:33","slug":"subscribe","status":"publish","type":"page","link":"https:\/\/asociaciondeescritoresdeohio.org\/en\/subscribe\/","title":{"rendered":"Subscribe"},"content":{"rendered":"\t\t<div data-elementor-type=\"wp-page\" data-elementor-id=\"5448\" class=\"elementor elementor-5448 elementor-2055\" data-elementor-post-type=\"page\">\n\t\t\t\t<div class=\"elementor-element elementor-element-958bc68 e-con-full e-flex e-con e-parent\" data-id=\"958bc68\" data-element_type=\"container\" data-e-type=\"container\" data-settings=\"{&quot;background_background&quot;:&quot;classic&quot;,&quot;aos_animation_name&quot;:&quot;none&quot;}\">\n\t\t<div class=\"elementor-element elementor-element-ee1619d e-con-full e-flex e-con e-child\" data-id=\"ee1619d\" data-element_type=\"container\" data-e-type=\"container\" data-settings=\"{&quot;aos_animation_name&quot;:&quot;none&quot;}\">\n\t\t\t\t<div class=\"elementor-element elementor-element-69bbcec elementor-widget elementor-widget-vlt-spacer\" data-id=\"69bbcec\" data-element_type=\"widget\" data-e-type=\"widget\" data-settings=\"{&quot;aos_animation_name&quot;:&quot;none&quot;}\" data-widget_type=\"vlt-spacer.default\">\n\t\t\t\t<div class=\"elementor-widget-container\">\n\t\t\t\t\t\n\t\t<div class=\"vlt-spacer\"><\/div>\n\n\t\t\t\t\t\t<\/div>\n\t\t\t\t<\/div>\n\t\t\t\t<\/div>\n\t\t\t\t<\/div>\n\t\t<div data-jarallax-video=\"\" data-speed=\"\" data-img-size=\"cover\" data-img-position=\"center center\" class=\"elementor-element elementor-element-5160dab e-con-full jarallax e-flex e-con e-parent\" data-id=\"5160dab\" data-element_type=\"container\" data-e-type=\"container\" data-settings=\"{&quot;background_background&quot;:&quot;classic&quot;,&quot;aos_animation_name&quot;:&quot;none&quot;}\">\n\t\t<div class=\"elementor-element elementor-element-f29afa6 e-con-full e-flex e-con e-child\" data-id=\"f29afa6\" data-element_type=\"container\" data-e-type=\"container\" data-settings=\"{&quot;aos_animation_name&quot;:&quot;none&quot;}\">\n\t\t\t\t<div class=\"elementor-element elementor-element-a8d0481 elementor-widget elementor-widget-vlt-section-title\" data-id=\"a8d0481\" data-element_type=\"widget\" data-e-type=\"widget\" data-settings=\"{&quot;aos_animation_name&quot;:&quot;none&quot;}\" data-widget_type=\"vlt-section-title.default\">\n\t\t\t\t<div class=\"elementor-widget-container\">\n\t\t\t\t\t\n\t\t<div class=\"vlt-section-title\">\n\n\t\t\t\n\t\t\t\n\t\t\t\t<h3 class=\"vlt-section-title__heading \">\n\n\t\t\t\t\t\n\t\t\t\t\tSubscribe to our newsletter\n\t\t\t\t\t\n\t\t\t\t<\/h3>\n\n\t\t\t\n\t\t\t\t\t\t\t<p class=\"vlt-section-title__description\">Our most important stories, delivered to your inbox.<\/p>\n\t\t\t\n\t\t<\/div>\n\n\t\t\t\t\t<\/div>\n\t\t\t\t<\/div>\n\t\t\t\t<div class=\"elementor-element elementor-element-9d18cd8 elementor-widget elementor-widget-vlt-spacer\" data-id=\"9d18cd8\" data-element_type=\"widget\" data-e-type=\"widget\" data-settings=\"{&quot;aos_animation_name&quot;:&quot;none&quot;}\" data-widget_type=\"vlt-spacer.default\">\n\t\t\t\t<div class=\"elementor-widget-container\">\n\t\t\t\t\t\n\t\t<div class=\"vlt-spacer\"><\/div>\n\n\t\t\t\t\t\t<\/div>\n\t\t\t\t<\/div>\n\t\t\t\t<div class=\"elementor-element elementor-element-c0b5bbe elementor-widget elementor-widget-vlt-contact-form-7\" data-id=\"c0b5bbe\" data-element_type=\"widget\" data-e-type=\"widget\" data-settings=\"{&quot;aos_animation_name&quot;:&quot;none&quot;}\" data-widget_type=\"vlt-contact-form-7.default\">\n\t\t\t\t<div class=\"elementor-widget-container\">\n\t\t\t\t\t\n\t\t<div class=\"vlt-contact-form-7\">\n\n\t\t\t\n<div class=\"wpcf7 no-js\" id=\"wpcf7-f94-o1\" lang=\"es-ES\" dir=\"ltr\" data-wpcf7-id=\"94\">\n<div class=\"screen-reader-response\"><p role=\"status\" aria-live=\"polite\" aria-atomic=\"true\"><\/p> <ul><\/ul><\/div>\n<form action=\"\/en\/wp-json\/wp\/v2\/pages\/5448#wpcf7-f94-o1\" method=\"post\" class=\"wpcf7-form init demo\" aria-label=\"Formulario de contacto\" novalidate=\"novalidate\" data-status=\"init\">\n<fieldset class=\"hidden-fields-container\"><input type=\"hidden\" name=\"_wpcf7\" value=\"94\" \/><input type=\"hidden\" name=\"_wpcf7_version\" value=\"6.1.5\" \/><input type=\"hidden\" name=\"_wpcf7_locale\" value=\"es_ES\" \/><input type=\"hidden\" name=\"_wpcf7_unit_tag\" value=\"wpcf7-f94-o1\" \/><input type=\"hidden\" name=\"_wpcf7_container_post\" value=\"0\" \/><input type=\"hidden\" name=\"_wpcf7_posted_data_hash\" value=\"\" \/>\n<\/fieldset>\n<div class=\"vlt-subscribe-form\">\n  <div class=\"vlt-form-row inline\">\n    <span class=\"wpcf7-form-control-wrap\" data-name=\"your-name\"><input size=\"40\" maxlength=\"400\" class=\"wpcf7-form-control wpcf7-text accent\" aria-invalid=\"false\" placeholder=\"Nombres completos\" value=\"\" type=\"text\" name=\"your-name\" \/><\/span>\n    <span class=\"wpcf7-form-control-wrap\" data-name=\"your-email\"><input size=\"40\" maxlength=\"400\" class=\"wpcf7-form-control wpcf7-email wpcf7-text wpcf7-validates-as-email accent\" aria-invalid=\"false\" placeholder=\"Correo electr\u00f3nico\" value=\"\" type=\"email\" name=\"your-email\" \/><\/span>\n    <button class=\"vlt-btn vlt-btn--primary vlt-btn--effect vlt-btn--icon-left\">\n      <svg xmlns=\"http:\/\/www.w3.org\/2000\/svg\" fill=\"none\" class=\"miblerr-mail\" viewBox=\"0 0 22 18\">\n        <path fill=\"currentColor\" fill-rule=\"evenodd\" d=\"M1.802 2.646 11 9.085l9.198-6.44A1.258 1.258 0 0 0 19 1.75H3c-.563 0-1.044.38-1.198.896ZM20.25 4.44l-8.82 6.174a.75.75 0 0 1-.86 0L1.75 4.44V15c0 .686.564 1.25 1.25 1.25h16c.686 0 1.25-.564 1.25-1.25V4.44ZM.25 3A2.756 2.756 0 0 1 3 .25h16A2.756 2.756 0 0 1 21.75 3v12A2.756 2.756 0 0 1 19 17.75H3A2.756 2.756 0 0 1 .25 15V3Z\" clip-rule=\"evenodd\"><\/path>\n      <\/svg>\n      Suscr\u00edbete\n    <\/button>\n  <\/div>\n  <div class=\"vlt-form-group\" style=\"max-width: 600px; margin: 1.875rem auto 0;\">\n    <label class=\"vlt-checkbox accent\" for=\"acceptance\">\n    <span class=\"wpcf7-form-control-wrap\" data-name=\"acceptance\"><span class=\"wpcf7-form-control wpcf7-acceptance\"><span class=\"wpcf7-list-item\"><input type=\"checkbox\" name=\"acceptance\" value=\"1\" class=\"d-none\" id=\"acceptance\" aria-invalid=\"false\" \/><\/span><\/span><\/span>\n    <span class=\"vlt-checkbox__checkmark\"><\/span>Al marcar esta casilla, confirma que ha le\u00eddo y acepta nuestros t\u00e9rminos de uso con respecto al almacenamiento de los datos enviados a trav\u00e9s de este formulario.<\/label>\n  <\/div>\n<\/div><div class=\"wpcf7-response-output\" aria-hidden=\"true\"><\/div>\n<\/form>\n<\/div>\n\n\t\t<\/div>\n\n\t\t\t\t\t\t<\/div>\n\t\t\t\t<\/div>\n\t\t\t\t<\/div>\n\t\t\t\t<\/div>\n\t\t<div data-aos=\"custom\" data-aos-once=\"true\" class=\"elementor-element elementor-element-996429e has-force-padding e-flex e-con-boxed e-con e-parent\" data-id=\"996429e\" data-element_type=\"container\" data-e-type=\"container\" data-settings=\"{&quot;aos_animation_name&quot;:&quot;custom&quot;,&quot;background_background&quot;:&quot;classic&quot;}\">\n\t\t\t\t\t<div class=\"e-con-inner\">\n\t\t\t\t<div class=\"elementor-element elementor-element-52608d2 elementor-widget__width-auto elementor-widget elementor-widget-text-editor\" data-id=\"52608d2\" data-element_type=\"widget\" data-e-type=\"widget\" data-settings=\"{&quot;aos_animation_name&quot;:&quot;none&quot;}\" data-widget_type=\"text-editor.default\">\n\t\t\t\t<div class=\"elementor-widget-container\">\n\t\t\t\t\t\t\t\t\t<p>Do you have any questions about how it works?<\/p>\n\t\t\t\t\t\t\t\t<\/div>\n\t\t\t\t<\/div>\n\t\t\t\t<div class=\"elementor-element elementor-element-efb7c96 elementor-widget__width-auto elementor-widget elementor-widget-vlt-simple-link\" data-id=\"efb7c96\" data-element_type=\"widget\" data-e-type=\"widget\" data-settings=\"{&quot;aos_animation_name&quot;:&quot;none&quot;}\" data-widget_type=\"vlt-simple-link.default\">\n\t\t\t\t<div class=\"elementor-widget-container\">\n\t\t\t\t\t\n\t\t<a class=\"vlt-simple-link\" role=\"button\" href=\"https:\/\/asociaciondeescritoresdeohio.org\/contact-us\/?lang=en\">\n\n\t\t\tCont\u00e1ctanos<svg xmlns=\"http:\/\/www.w3.org\/2000\/svg\" fill=\"none\" class=\" miblerr-arrow-right\" viewBox=\"0 0 16 16\"><path fill=\"currentColor\" fill-rule=\"evenodd\" d=\"M7.47 15.53a.75.75 0 0 1 0-1.06l5.72-5.72H1a.75.75 0 0 1 0-1.5h12.19L7.47 1.53A.75.75 0 0 1 8.53.47l7 7a.75.75 0 0 1 0 1.06l-7 7a.75.75 0 0 1-1.06 0Z\" clip-rule=\"evenodd\"\/><\/svg>\n\t\t<\/a>\n\n\t\t\t\t\t\t<\/div>\n\t\t\t\t<\/div>\n\t\t\t\t\t<\/div>\n\t\t\t\t<\/div>\n\t\t\t\t<\/div>\n\t\t","protected":false},"excerpt":{"rendered":"<p>Subscribe to our newsletter Our most important stories, delivered to your inbox. Suscr\u00edbete Al marcar esta casilla, confirma que ha le\u00eddo y acepta nuestros t\u00e9rminos de uso con respecto al almacenamiento de los datos enviados a trav\u00e9s de este formulario. Do you have any questions about how it works? Cont\u00e1ctanos<\/p>\n","protected":false},"author":1,"featured_media":0,"parent":0,"menu_order":0,"comment_status":"closed","ping_status":"closed","template":"template-custom-page.php","meta":{"_acf_changed":false,"nf_dc_page":"","_vp_format_video_url":"","_vp_image_focal_point":[],"footnotes":""},"coauthors":[53],"class_list":["post-5448","page","type-page","status-publish","hentry"],"acf":[],"yoast_head":"<!-- This site is optimized with the Yoast SEO plugin v27.4 - https:\/\/yoast.com\/product\/yoast-seo-wordpress\/ -->\n<title>Subscribe - The Ohio Writers Association<\/title>\n<meta name=\"robots\" content=\"index, follow, max-snippet:-1, max-image-preview:large, max-video-preview:-1\" \/>\n<link rel=\"canonical\" href=\"https:\/\/asociaciondeescritoresdeohio.org\/en\/subscribe\/\" \/>\n<meta property=\"og:locale\" content=\"en_US\" \/>\n<meta property=\"og:type\" content=\"article\" \/>\n<meta property=\"og:title\" content=\"Subscribe - The Ohio Writers Association\" \/>\n<meta property=\"og:description\" content=\"Subscribe to our newsletter Our most important stories, delivered to your inbox. Suscr\u00edbete Al marcar esta casilla, confirma que ha le\u00eddo y acepta nuestros t\u00e9rminos de uso con respecto al almacenamiento de los datos enviados a trav\u00e9s de este formulario. Do you have any questions about how it works? Cont\u00e1ctanos\" \/>\n<meta property=\"og:url\" content=\"https:\/\/asociaciondeescritoresdeohio.org\/en\/subscribe\/\" \/>\n<meta property=\"og:site_name\" content=\"The Ohio Writers Association\" \/>\n<meta property=\"article:publisher\" content=\"https:\/\/www.facebook.com\/asociaciondeescritoresdeohio\/\" \/>\n<meta property=\"article:modified_time\" content=\"2024-04-15T23:01:33+00:00\" \/>\n<meta name=\"twitter:card\" content=\"summary_large_image\" \/>\n<meta name=\"twitter:site\" content=\"@aeo_org\" \/>\n<meta name=\"twitter:label1\" content=\"Written by\" \/>\n\t<meta name=\"twitter:data1\" content=\"ONG AEO\" \/>\n<script type=\"application\/ld+json\" class=\"yoast-schema-graph\">{\"@context\":\"https:\\\/\\\/schema.org\",\"@graph\":[{\"@type\":\"WebPage\",\"@id\":\"https:\\\/\\\/asociaciondeescritoresdeohio.org\\\/en\\\/subscribe\\\/\",\"url\":\"https:\\\/\\\/asociaciondeescritoresdeohio.org\\\/en\\\/subscribe\\\/\",\"name\":\"Subscribe - The Ohio Writers Association\",\"isPartOf\":{\"@id\":\"https:\\\/\\\/asociaciondeescritoresdeohio.org\\\/en\\\/#website\"},\"datePublished\":\"2023-11-10T18:18:00+00:00\",\"dateModified\":\"2024-04-15T23:01:33+00:00\",\"breadcrumb\":{\"@id\":\"https:\\\/\\\/asociaciondeescritoresdeohio.org\\\/en\\\/subscribe\\\/#breadcrumb\"},\"inLanguage\":\"en-US\",\"potentialAction\":[{\"@type\":\"ReadAction\",\"target\":[\"https:\\\/\\\/asociaciondeescritoresdeohio.org\\\/en\\\/subscribe\\\/\"]}]},{\"@type\":\"BreadcrumbList\",\"@id\":\"https:\\\/\\\/asociaciondeescritoresdeohio.org\\\/en\\\/subscribe\\\/#breadcrumb\",\"itemListElement\":[{\"@type\":\"ListItem\",\"position\":1,\"name\":\"Home\",\"item\":\"https:\\\/\\\/asociaciondeescritoresdeohio.org\\\/en\\\/home-2\\\/?lang=en\"},{\"@type\":\"ListItem\",\"position\":2,\"name\":\"Subscribe\"}]},{\"@type\":\"WebSite\",\"@id\":\"https:\\\/\\\/asociaciondeescritoresdeohio.org\\\/en\\\/#website\",\"url\":\"https:\\\/\\\/asociaciondeescritoresdeohio.org\\\/en\\\/\",\"name\":\"Asociaci\u00f3n de Escritores de Ohio\",\"description\":\"Promoting the love for reading.\",\"publisher\":{\"@id\":\"https:\\\/\\\/asociaciondeescritoresdeohio.org\\\/en\\\/#organization\"},\"potentialAction\":[{\"@type\":\"SearchAction\",\"target\":{\"@type\":\"EntryPoint\",\"urlTemplate\":\"https:\\\/\\\/asociaciondeescritoresdeohio.org\\\/en\\\/?s={search_term_string}\"},\"query-input\":{\"@type\":\"PropertyValueSpecification\",\"valueRequired\":true,\"valueName\":\"search_term_string\"}}],\"inLanguage\":\"en-US\"},{\"@type\":\"Organization\",\"@id\":\"https:\\\/\\\/asociaciondeescritoresdeohio.org\\\/en\\\/#organization\",\"name\":\"La Asociaci\u00f3n de Escritores de Ohio\",\"url\":\"https:\\\/\\\/asociaciondeescritoresdeohio.org\\\/en\\\/\",\"logo\":{\"@type\":\"ImageObject\",\"inLanguage\":\"en-US\",\"@id\":\"https:\\\/\\\/asociaciondeescritoresdeohio.org\\\/en\\\/#\\\/schema\\\/logo\\\/image\\\/\",\"url\":\"https:\\\/\\\/asociaciondeescritoresdeohio.org\\\/wp-content\\\/uploads\\\/2024\\\/04\\\/logo_vertical.png\",\"contentUrl\":\"https:\\\/\\\/asociaciondeescritoresdeohio.org\\\/wp-content\\\/uploads\\\/2024\\\/04\\\/logo_vertical.png\",\"width\":652,\"height\":622,\"caption\":\"La Asociaci\u00f3n de Escritores de Ohio\"},\"image\":{\"@id\":\"https:\\\/\\\/asociaciondeescritoresdeohio.org\\\/en\\\/#\\\/schema\\\/logo\\\/image\\\/\"},\"sameAs\":[\"https:\\\/\\\/www.facebook.com\\\/asociaciondeescritoresdeohio\\\/\",\"https:\\\/\\\/x.com\\\/aeo_org\",\"https:\\\/\\\/www.instagram.com\\\/asociaciondeescritoresdeohio\\\/\",\"https:\\\/\\\/www.linkedin.com\\\/company\\\/asociaciondeescritoresdeohio\",\"https:\\\/\\\/www.youtube.com\\\/channel\\\/UCvzsytr3roCZytpexfr3N-g\"]}]}<\/script>\n<!-- \/ Yoast SEO plugin. -->","yoast_head_json":{"title":"Subscribe - The Ohio Writers Association","robots":{"index":"index","follow":"follow","max-snippet":"max-snippet:-1","max-image-preview":"max-image-preview:large","max-video-preview":"max-video-preview:-1"},"canonical":"https:\/\/asociaciondeescritoresdeohio.org\/en\/subscribe\/","og_locale":"en_US","og_type":"article","og_title":"Subscribe - The Ohio Writers Association","og_description":"Subscribe to our newsletter Our most important stories, delivered to your inbox. Suscr\u00edbete Al marcar esta casilla, confirma que ha le\u00eddo y acepta nuestros t\u00e9rminos de uso con respecto al almacenamiento de los datos enviados a trav\u00e9s de este formulario. Do you have any questions about how it works? Cont\u00e1ctanos","og_url":"https:\/\/asociaciondeescritoresdeohio.org\/en\/subscribe\/","og_site_name":"The Ohio Writers Association","article_publisher":"https:\/\/www.facebook.com\/asociaciondeescritoresdeohio\/","article_modified_time":"2024-04-15T23:01:33+00:00","twitter_card":"summary_large_image","twitter_site":"@aeo_org","twitter_misc":{"Written by":"ONG AEO"},"schema":{"@context":"https:\/\/schema.org","@graph":[{"@type":"WebPage","@id":"https:\/\/asociaciondeescritoresdeohio.org\/en\/subscribe\/","url":"https:\/\/asociaciondeescritoresdeohio.org\/en\/subscribe\/","name":"Subscribe - The Ohio Writers Association","isPartOf":{"@id":"https:\/\/asociaciondeescritoresdeohio.org\/en\/#website"},"datePublished":"2023-11-10T18:18:00+00:00","dateModified":"2024-04-15T23:01:33+00:00","breadcrumb":{"@id":"https:\/\/asociaciondeescritoresdeohio.org\/en\/subscribe\/#breadcrumb"},"inLanguage":"en-US","potentialAction":[{"@type":"ReadAction","target":["https:\/\/asociaciondeescritoresdeohio.org\/en\/subscribe\/"]}]},{"@type":"BreadcrumbList","@id":"https:\/\/asociaciondeescritoresdeohio.org\/en\/subscribe\/#breadcrumb","itemListElement":[{"@type":"ListItem","position":1,"name":"Home","item":"https:\/\/asociaciondeescritoresdeohio.org\/en\/home-2\/?lang=en"},{"@type":"ListItem","position":2,"name":"Subscribe"}]},{"@type":"WebSite","@id":"https:\/\/asociaciondeescritoresdeohio.org\/en\/#website","url":"https:\/\/asociaciondeescritoresdeohio.org\/en\/","name":"Asociaci\u00f3n de Escritores de Ohio","description":"Promoting the love for reading.","publisher":{"@id":"https:\/\/asociaciondeescritoresdeohio.org\/en\/#organization"},"potentialAction":[{"@type":"SearchAction","target":{"@type":"EntryPoint","urlTemplate":"https:\/\/asociaciondeescritoresdeohio.org\/en\/?s={search_term_string}"},"query-input":{"@type":"PropertyValueSpecification","valueRequired":true,"valueName":"search_term_string"}}],"inLanguage":"en-US"},{"@type":"Organization","@id":"https:\/\/asociaciondeescritoresdeohio.org\/en\/#organization","name":"La Asociaci\u00f3n de Escritores de Ohio","url":"https:\/\/asociaciondeescritoresdeohio.org\/en\/","logo":{"@type":"ImageObject","inLanguage":"en-US","@id":"https:\/\/asociaciondeescritoresdeohio.org\/en\/#\/schema\/logo\/image\/","url":"https:\/\/asociaciondeescritoresdeohio.org\/wp-content\/uploads\/2024\/04\/logo_vertical.png","contentUrl":"https:\/\/asociaciondeescritoresdeohio.org\/wp-content\/uploads\/2024\/04\/logo_vertical.png","width":652,"height":622,"caption":"La Asociaci\u00f3n de Escritores de Ohio"},"image":{"@id":"https:\/\/asociaciondeescritoresdeohio.org\/en\/#\/schema\/logo\/image\/"},"sameAs":["https:\/\/www.facebook.com\/asociaciondeescritoresdeohio\/","https:\/\/x.com\/aeo_org","https:\/\/www.instagram.com\/asociaciondeescritoresdeohio\/","https:\/\/www.linkedin.com\/company\/asociaciondeescritoresdeohio","https:\/\/www.youtube.com\/channel\/UCvzsytr3roCZytpexfr3N-g"]}]}},"_links":{"self":[{"href":"https:\/\/asociaciondeescritoresdeohio.org\/en\/wp-json\/wp\/v2\/pages\/5448","targetHints":{"allow":["GET"]}}],"collection":[{"href":"https:\/\/asociaciondeescritoresdeohio.org\/en\/wp-json\/wp\/v2\/pages"}],"about":[{"href":"https:\/\/asociaciondeescritoresdeohio.org\/en\/wp-json\/wp\/v2\/types\/page"}],"author":[{"embeddable":true,"href":"https:\/\/asociaciondeescritoresdeohio.org\/en\/wp-json\/wp\/v2\/users\/1"}],"replies":[{"embeddable":true,"href":"https:\/\/asociaciondeescritoresdeohio.org\/en\/wp-json\/wp\/v2\/comments?post=5448"}],"version-history":[{"count":5,"href":"https:\/\/asociaciondeescritoresdeohio.org\/en\/wp-json\/wp\/v2\/pages\/5448\/revisions"}],"predecessor-version":[{"id":5569,"href":"https:\/\/asociaciondeescritoresdeohio.org\/en\/wp-json\/wp\/v2\/pages\/5448\/revisions\/5569"}],"wp:attachment":[{"href":"https:\/\/asociaciondeescritoresdeohio.org\/en\/wp-json\/wp\/v2\/media?parent=5448"}],"wp:term":[{"taxonomy":"author","embeddable":true,"href":"https:\/\/asociaciondeescritoresdeohio.org\/en\/wp-json\/wp\/v2\/coauthors?post=5448"}],"curies":[{"name":"wp","href":"https:\/\/api.w.org\/{rel}","templated":true}]}}